{"id":12,"date":"2025-01-30T23:19:34","date_gmt":"2025-01-30T23:19:34","guid":{"rendered":"https:\/\/cligua.com\/wordpress\/?page_id=12"},"modified":"2025-01-31T02:09:35","modified_gmt":"2025-01-31T02:09:35","slug":"contactanos","status":"publish","type":"page","link":"https:\/\/cligua.com\/wordpress\/contactanos\/","title":{"rendered":"Contactanos"},"content":{"rendered":"\n<p>Estamos ubicados en el centro de Quevedo, calle Bolivar #1116 y 12va<\/p>\n\n\n\n<p>Telefono: 052753075<\/p>\n\n\n\n<iframe \nwidth=\"600\"\nheight=\"450\"\nsrc=\"https:\/\/www.google.com\/maps\/embed?pb=!1m18!1m12!1m3!1d3989.175193618824!2d-79.47016292452487!3d-1.0287626353999355!2m3!1f0!2f0!3f0!3m2!1i1024!2i768!4f13.1!3m3!1m2!1s0x902b4de254b3a68b%3A0x6ebb7173b9a7d31b!2sCl%C3%ADnica%20Guayaquil%20de%20Quevedo!5e0!3m2!1ses!2sec!4v1738288920042!5m2!1ses!2sec\" width=\"600\" height=\"450\" style=\"border:0;\" allowfullscreen=\"\" loading=\"lazy\" referrerpolicy=\"no-referrer-when-downgrade\"><\/iframe>\n\n\n\t<div id=\"respond\" class=\"comment-respond wp-block-post-comments-form\">\n\t\t<h3 id=\"reply-title\" class=\"comment-reply-title\">Deja una respuesta <small><a rel=\"nofollow\" id=\"cancel-comment-reply-link\" href=\"\/wordpress\/wp-json\/wp\/v2\/pages\/12#respond\" style=\"display:none;\">Cancelar la respuesta<\/a><\/small><\/h3><form action=\"https:\/\/cligua.com\/wordpress\/wp-comments-post.php\" method=\"post\" id=\"commentform\" class=\"comment-form\"><p class=\"comment-notes\"><span id=\"email-notes\">Tu direcci\u00f3n de correo electr\u00f3nico no ser\u00e1 publicada.<\/span> <span class=\"required-field-message\">Los campos obligatorios est\u00e1n marcados con <span class=\"required\">*<\/span><\/span><\/p><p class=\"comment-form-comment\"><label for=\"comment\">Comentario <span class=\"required\">*<\/span><\/label> <textarea id=\"comment\" name=\"comment\" cols=\"45\" rows=\"8\" maxlength=\"65525\" required=\"required\"><\/textarea><\/p><div class=\"ast-comment-formwrap ast-row\"><p class=\"comment-form-author ast-grid-common-col ast-width-lg-33 ast-width-md-4 ast-float\"><label for=\"author\" class=\"screen-reader-text\">Nombre*<\/label><input id=\"author\" name=\"author\" type=\"text\" value=\"\" placeholder=\"Nombre*\" size=\"30\" aria-required='true' autocomplete=\"name\" \/><\/p>\n<p class=\"comment-form-email ast-grid-common-col ast-width-lg-33 ast-width-md-4 ast-float\"><label for=\"email\" class=\"screen-reader-text\">Correo electr\u00f3nico*<\/label><input id=\"email\" name=\"email\" type=\"text\" value=\"\" placeholder=\"Correo electr\u00f3nico*\" size=\"30\" aria-required='true' autocomplete=\"email\" \/><\/p>\n<p class=\"comment-form-url ast-grid-common-col ast-width-lg-33 ast-width-md-4 ast-float\"><label for=\"url\"><label for=\"url\" class=\"screen-reader-text\">Web<\/label><input id=\"url\" name=\"url\" type=\"text\" value=\"\" placeholder=\"Web\" size=\"30\" autocomplete=\"url\" \/><\/label><\/p><\/div>\n<p class=\"form-submit\"><input name=\"submit\" type=\"submit\" id=\"submit\" class=\"submit\" value=\"Publicar el comentario\" \/> <input type='hidden' name='comment_post_ID' value='12' id='comment_post_ID' \/>\n<input type='hidden' name='comment_parent' id='comment_parent' value='0' \/>\n<\/p><\/form>\t<\/div><!-- #respond -->\n\t\n\n\n<pre class=\"wp-block-code\"><code><\/code><\/pre>\n\n\n\n<ul class=\"wp-block-social-links is-layout-flex wp-block-social-links-is-layout-flex\">\n\n<\/ul>\n\n\n\n<p><\/p>\n","protected":false},"excerpt":{"rendered":"<p>Estamos ubicados en el centro de Quevedo, calle Bolivar #1116 y 12va Telefono: 052753075<\/p>\n","protected":false},"author":2,"featured_media":0,"parent":0,"menu_order":0,"comment_status":"open","ping_status":"closed","template":"","meta":{"site-sidebar-layout":"default","site-content-layout":"","ast-site-content-layout":"","site-content-style":"default","site-sidebar-style":"default","ast-global-header-display":"","ast-banner-title-visibility":"","ast-main-header-display":"","ast-hfb-above-header-display":"","ast-hfb-below-header-display":"","ast-hfb-mobile-header-display":"","site-post-title":"","ast-breadcrumbs-content":"","ast-featured-img":"","footer-sml-layout":"","theme-transparent-header-meta":"","adv-header-id-meta":"","stick-header-meta":"","header-above-stick-meta":"","header-main-stick-meta":"","header-below-stick-meta":"","astra-migrate-meta-layouts":"default","ast-page-background-enabled":"default","ast-page-background-meta":{"desktop":{"background-color":"var(--ast-global-color-5)","background-image":"","background-repeat":"repeat","background-position":"center center","background-size":"auto","background-attachment":"scroll","background-type":"","background-media":"","overlay-type":"","overlay-color":"","overlay-opacity":"","overlay-gradient":""},"tablet":{"background-color":"","background-image":"","background-repeat":"repeat","background-position":"center center","background-size":"auto","background-attachment":"scroll","background-type":"","background-media":"","overlay-type":"","overlay-color":"","overlay-opacity":"","overlay-gradient":""},"mobile":{"background-color":"","background-image":"","background-repeat":"repeat","background-position":"center center","background-size":"auto","background-attachment":"scroll","background-type":"","background-media":"","overlay-type":"","overlay-color":"","overlay-opacity":"","overlay-gradient":""}},"ast-content-background-meta":{"desktop":{"background-color":"var(--ast-global-color-4)","background-image":"","background-repeat":"repeat","background-position":"center center","background-size":"auto","background-attachment":"scroll","background-type":"","background-media":"","overlay-type":"","overlay-color":"","overlay-opacity":"","overlay-gradient":""},"tablet":{"background-color":"var(--ast-global-color-4)","background-image":"","background-repeat":"repeat","background-position":"center center","background-size":"auto","background-attachment":"scroll","background-type":"","background-media":"","overlay-type":"","overlay-color":"","overlay-opacity":"","overlay-gradient":""},"mobile":{"background-color":"var(--ast-global-color-4)","background-image":"","background-repeat":"repeat","background-position":"center center","background-size":"auto","background-attachment":"scroll","background-type":"","background-media":"","overlay-type":"","overlay-color":"","overlay-opacity":"","overlay-gradient":""}},"footnotes":""},"class_list":["post-12","page","type-page","status-publish","hentry"],"_links":{"self":[{"href":"https:\/\/cligua.com\/wordpress\/wp-json\/wp\/v2\/pages\/12","targetHints":{"allow":["GET"]}}],"collection":[{"href":"https:\/\/cligua.com\/wordpress\/wp-json\/wp\/v2\/pages"}],"about":[{"href":"https:\/\/cligua.com\/wordpress\/wp-json\/wp\/v2\/types\/page"}],"author":[{"embeddable":true,"href":"https:\/\/cligua.com\/wordpress\/wp-json\/wp\/v2\/users\/2"}],"replies":[{"embeddable":true,"href":"https:\/\/cligua.com\/wordpress\/wp-json\/wp\/v2\/comments?post=12"}],"version-history":[{"count":2,"href":"https:\/\/cligua.com\/wordpress\/wp-json\/wp\/v2\/pages\/12\/revisions"}],"predecessor-version":[{"id":52,"href":"https:\/\/cligua.com\/wordpress\/wp-json\/wp\/v2\/pages\/12\/revisions\/52"}],"wp:attachment":[{"href":"https:\/\/cligua.com\/wordpress\/wp-json\/wp\/v2\/media?parent=12"}],"curies":[{"name":"wp","href":"https:\/\/api.w.org\/{rel}","templated":true}]}}