{"id":10,"date":"2025-01-30T23:19:34","date_gmt":"2025-01-30T23:19:34","guid":{"rendered":"https:\/\/cligua.com\/wordpress\/?page_id=10"},"modified":"2025-01-31T02:15:45","modified_gmt":"2025-01-31T02:15:45","slug":"nosotros","status":"publish","type":"page","link":"https:\/\/cligua.com\/wordpress\/nosotros\/","title":{"rendered":"Nosotros"},"content":{"rendered":"\n<p>El&nbsp;<strong>Hospital B\u00e1sico Cl\u00ednica Guayaquil de Quevedo<\/strong>&nbsp;es una instituci\u00f3n de nivel 2 de atenci\u00f3n ubicada en la ciudad de Quevedo, Ecuador. Brindamos servicios de salud en las \u00e1reas de&nbsp;<strong>atenci\u00f3n ambulatoria, hospitalaria y quir\u00fargica<\/strong>, garantizando una atenci\u00f3n de calidad y seguridad para nuestros pacientes.<\/p>\n\n\n\n<p><\/p>\n\n\n\n<figure class=\"wp-block-image size-full\"><a href=\"https:\/\/cligua.com\/wordpress\/wp-content\/uploads\/2025\/01\/cl1-1.jpg\"><img loading=\"lazy\" decoding=\"async\" width=\"900\" height=\"333\" src=\"https:\/\/cligua.com\/wordpress\/wp-content\/uploads\/2025\/01\/cl1-1.jpg\" alt=\"\" class=\"wp-image-53\" srcset=\"https:\/\/cligua.com\/wordpress\/wp-content\/uploads\/2025\/01\/cl1-1.jpg 900w, https:\/\/cligua.com\/wordpress\/wp-content\/uploads\/2025\/01\/cl1-1-300x111.jpg 300w, https:\/\/cligua.com\/wordpress\/wp-content\/uploads\/2025\/01\/cl1-1-768x284.jpg 768w\" sizes=\"auto, (max-width: 900px) 100vw, 900px\" \/><\/a><\/figure>\n","protected":false},"excerpt":{"rendered":"<p>El&nbsp;Hospital B\u00e1sico Cl\u00ednica Guayaquil de Quevedo&nbsp;es una instituci\u00f3n de nivel 2 de atenci\u00f3n ubicada en la ciudad de Quevedo, Ecuador. [&hellip;]<\/p>\n","protected":false},"author":2,"featured_media":0,"parent":0,"menu_order":0,"comment_status":"closed","ping_status":"closed","template":"","meta":{"site-sidebar-layout":"default","site-content-layout":"","ast-site-content-layout":"","site-content-style":"default","site-sidebar-style":"default","ast-global-header-display":"","ast-banner-title-visibility":"","ast-main-header-display":"","ast-hfb-above-header-display":"","ast-hfb-below-header-display":"","ast-hfb-mobile-header-display":"","site-post-title":"","ast-breadcrumbs-content":"","ast-featured-img":"","footer-sml-layout":"","theme-transparent-header-meta":"","adv-header-id-meta":"","stick-header-meta":"","header-above-stick-meta":"","header-main-stick-meta":"","header-below-stick-meta":"","astra-migrate-meta-layouts":"default","ast-page-background-enabled":"default","ast-page-background-meta":{"desktop":{"background-color":"var(--ast-global-color-5)","background-image":"","background-repeat":"repeat","background-position":"center center","background-size":"auto","background-attachment":"scroll","background-type":"","background-media":"","overlay-type":"","overlay-color":"","overlay-opacity":"","overlay-gradient":""},"tablet":{"background-color":"","background-image":"","background-repeat":"repeat","background-position":"center center","background-size":"auto","background-attachment":"scroll","background-type":"","background-media":"","overlay-type":"","overlay-color":"","overlay-opacity":"","overlay-gradient":""},"mobile":{"background-color":"","background-image":"","background-repeat":"repeat","background-position":"center center","background-size":"auto","background-attachment":"scroll","background-type":"","background-media":"","overlay-type":"","overlay-color":"","overlay-opacity":"","overlay-gradient":""}},"ast-content-background-meta":{"desktop":{"background-color":"var(--ast-global-color-4)","background-image":"","background-repeat":"repeat","background-position":"center center","background-size":"auto","background-attachment":"scroll","background-type":"","background-media":"","overlay-type":"","overlay-color":"","overlay-opacity":"","overlay-gradient":""},"tablet":{"background-color":"var(--ast-global-color-4)","background-image":"","background-repeat":"repeat","background-position":"center center","background-size":"auto","background-attachment":"scroll","background-type":"","background-media":"","overlay-type":"","overlay-color":"","overlay-opacity":"","overlay-gradient":""},"mobile":{"background-color":"var(--ast-global-color-4)","background-image":"","background-repeat":"repeat","background-position":"center center","background-size":"auto","background-attachment":"scroll","background-type":"","background-media":"","overlay-type":"","overlay-color":"","overlay-opacity":"","overlay-gradient":""}},"footnotes":""},"class_list":["post-10","page","type-page","status-publish","hentry"],"_links":{"self":[{"href":"https:\/\/cligua.com\/wordpress\/wp-json\/wp\/v2\/pages\/10","targetHints":{"allow":["GET"]}}],"collection":[{"href":"https:\/\/cligua.com\/wordpress\/wp-json\/wp\/v2\/pages"}],"about":[{"href":"https:\/\/cligua.com\/wordpress\/wp-json\/wp\/v2\/types\/page"}],"author":[{"embeddable":true,"href":"https:\/\/cligua.com\/wordpress\/wp-json\/wp\/v2\/users\/2"}],"replies":[{"embeddable":true,"href":"https:\/\/cligua.com\/wordpress\/wp-json\/wp\/v2\/comments?post=10"}],"version-history":[{"count":3,"href":"https:\/\/cligua.com\/wordpress\/wp-json\/wp\/v2\/pages\/10\/revisions"}],"predecessor-version":[{"id":54,"href":"https:\/\/cligua.com\/wordpress\/wp-json\/wp\/v2\/pages\/10\/revisions\/54"}],"wp:attachment":[{"href":"https:\/\/cligua.com\/wordpress\/wp-json\/wp\/v2\/media?parent=10"}],"curies":[{"name":"wp","href":"https:\/\/api.w.org\/{rel}","templated":true}]}}